{"id":1296,"date":"2019-10-07T16:42:48","date_gmt":"2019-10-07T14:42:48","guid":{"rendered":"https:\/\/llapart.es\/coneal-epitheses\/"},"modified":"2020-12-01T20:15:27","modified_gmt":"2020-12-01T18:15:27","slug":"coneal-epitheses","status":"publish","type":"page","link":"https:\/\/llapart.es\/en\/coneal-epitheses\/","title":{"rendered":"Coneal epitheses"},"content":{"rendered":"\n<style type=\"text\/css\" data-created_by=\"avia_inline_auto\" id=\"style-css-av-av_heading-6c631ab1681c91bdf458ba6afdcd57e7\">\n#top .av-special-heading.av-av_heading-6c631ab1681c91bdf458ba6afdcd57e7{\npadding-bottom:10px;\n}\nbody .av-special-heading.av-av_heading-6c631ab1681c91bdf458ba6afdcd57e7 .av-special-heading-tag .heading-char{\nfont-size:25px;\n}\n.av-special-heading.av-av_heading-6c631ab1681c91bdf458ba6afdcd57e7 .av-subheading{\nfont-size:15px;\n}\n<\/style>\n<div  class='av-special-heading av-av_heading-6c631ab1681c91bdf458ba6afdcd57e7 av-special-heading-h1  avia-builder-el-0  el_before_av_one_half  avia-builder-el-first '><h1 class='av-special-heading-tag'  itemprop=\"headline\"  >Corneal Epitheses<\/h1><div class=\"special-heading-border\"><div class=\"special-heading-inner-border\"><\/div><\/div><\/div>\n<div  class='flex_column av-4lcott-0477e8b99818aba7fa31e001b3ef74ad av_one_half  avia-builder-el-1  el_after_av_heading  el_before_av_one_half  first flex_column_div  '     ><p><section  class='av_textblock_section av-4fu4oh-329bdc231efcf7d2fcb69529a2a52581 '   itemscope=\"itemscope\" itemtype=\"https:\/\/schema.org\/CreativeWork\" ><div class='avia_textblock'  itemprop=\"text\" ><p>Corneal epitheses are soft contact lenses with incorporated iris, indicated for cosmetic effects. They are characterized by having an opaque white base that prevents transparencies; unlike conventional tinted lenses, it does not allow interferences with the patient\u2019s eye.<\/p>\n<\/div><\/section><br \/>\n<section  class='av_textblock_section av-f0rcp-c56ddabe14bbb7e072f23296055d53ec '   itemscope=\"itemscope\" itemtype=\"https:\/\/schema.org\/CreativeWork\" ><div class='avia_textblock'  itemprop=\"text\" ><p><strong>Prosthetic contact lenses<\/strong><br \/>\nThey are intended for those eyes in which the impossible has been done and a solution is sought to improve the patient\u2019s quality of life. It is as important for him the medical part as the psychological part, because to see him with a good image also makes him feel happier.<\/p>\n<\/div><\/section><\/p><\/div>\n<div  class='flex_column av-43szbd-c1426eed32c9c6ce833b6de328c93fe5 av_one_half  avia-builder-el-4  el_after_av_one_half  el_before_av_masonry_gallery  avia-builder-el-last  flex_column_div  '     ><div  class='avia-slideshow av-3yqn9t-d553119595d92a9571042fc7c4e77535 avia-slideshow-no scaling av_slideshow avia-fade-slider  avia-builder-el-5  avia-builder-el-no-sibling  av-slideshow-ui av-slideshow-autoplay av-loop-endless av-loop-manual-endless av-default-height-applied avia-slideshow-1' data-slideshow-options=\"{&quot;animation&quot;:&quot;fade&quot;,&quot;autoplay&quot;:true,&quot;loop_autoplay&quot;:&quot;endless&quot;,&quot;interval&quot;:5,&quot;loop_manual&quot;:&quot;manual-endless&quot;,&quot;autoplay_stopper&quot;:false,&quot;noNavigation&quot;:false,&quot;bg_slider&quot;:false,&quot;keep_padding&quot;:false,&quot;hoverpause&quot;:false,&quot;show_slide_delay&quot;:0}\"  itemprop=\"image\" itemscope=\"itemscope\" itemtype=\"https:\/\/schema.org\/ImageObject\" ><ul class='avia-slideshow-inner ' style='padding-bottom: 66.5625%;'><li  class='avia-slideshow-slide av-3yqn9t-d553119595d92a9571042fc7c4e77535__0  slide-1 slide-odd'><div data-rel='slideshow-1' class='avia-slide-wrap '  title='eye-2340806_640' ><img decoding=\"async\" class=\"wp-image-1317 avia-img-lazy-loading-not-1317\"  src=\"https:\/\/llapart.es\/wp-content\/uploads\/2019\/01\/eye-2340806_640.jpg\" width=\"640\" height=\"426\" title='' alt=''  itemprop=\"thumbnailUrl\" srcset=\"https:\/\/llapart.es\/wp-content\/uploads\/2019\/01\/eye-2340806_640.jpg 640w, https:\/\/llapart.es\/wp-content\/uploads\/2019\/01\/eye-2340806_640-300x200.jpg 300w, https:\/\/llapart.es\/wp-content\/uploads\/2019\/01\/eye-2340806_640-450x300.jpg 450w\" sizes=\"(max-width: 640px) 100vw, 640px\" \/><\/div><\/li><li  class='avia-slideshow-slide av-3yqn9t-d553119595d92a9571042fc7c4e77535__1  slide-2 slide-even'><div data-rel='slideshow-1' class='avia-slide-wrap '  title='eyes-1149968_640' ><img decoding=\"async\" class=\"wp-image-1316 avia-img-lazy-loading-not-1316\"  src=\"https:\/\/llapart.es\/wp-content\/uploads\/2019\/01\/eyes-1149968_640.jpg\" width=\"640\" height=\"360\" title='' alt=''  itemprop=\"thumbnailUrl\" srcset=\"https:\/\/llapart.es\/wp-content\/uploads\/2019\/01\/eyes-1149968_640.jpg 640w, https:\/\/llapart.es\/wp-content\/uploads\/2019\/01\/eyes-1149968_640-300x169.jpg 300w, https:\/\/llapart.es\/wp-content\/uploads\/2019\/01\/eyes-1149968_640-450x253.jpg 450w\" sizes=\"(max-width: 640px) 100vw, 640px\" \/><\/div><\/li><\/ul><div class='avia-slideshow-arrows avia-slideshow-controls' ><a href='#prev' class='prev-slide ' aria-hidden='true' data-av_icon='\ue87c' data-av_iconfont='entypo-fontello'  tabindex='-1'>Previous<\/a><a href='#next' class='next-slide ' aria-hidden='true' data-av_icon='\ue87d' data-av_iconfont='entypo-fontello'  tabindex='-1'>Next<\/a><\/div><div class='avia-slideshow-dots avia-slideshow-controls'><a href='#1' class='goto-slide active' >1<\/a><a href='#2' class='goto-slide ' >2<\/a><\/div><\/div><\/div>\n<div id='av-masonry-1' class='av-masonry av-3cgsrd-2f5cff9c898c72d120a89c899bfa6949 noHover av-fixed-size av-large-gap av-hover-overlay-active av-masonry-animation-active av-masonry-col-flexible av-caption-always av-caption-style- av-masonry-gallery ' data-post_id=\"1296\"><div class=\"av-masonry-container isotope av-js-disabled\"><div class='av-masonry-entry isotope-item av-masonry-item-no-image '><\/div><a href=\"https:\/\/llapart.es\/wp-content\/uploads\/2019\/01\/fullsizeoutput_623-1030x742.jpeg\" data-srcset=\"https:\/\/llapart.es\/wp-content\/uploads\/2019\/01\/fullsizeoutput_623-1030x742.jpeg 1030w, https:\/\/llapart.es\/wp-content\/uploads\/2019\/01\/fullsizeoutput_623-300x216.jpeg 300w, https:\/\/llapart.es\/wp-content\/uploads\/2019\/01\/fullsizeoutput_623-705x508.jpeg 705w, https:\/\/llapart.es\/wp-content\/uploads\/2019\/01\/fullsizeoutput_623-450x324.jpeg 450w, https:\/\/llapart.es\/wp-content\/uploads\/2019\/01\/fullsizeoutput_623.jpeg 1242w\" data-sizes=\"(max-width: 1030px) 100vw, 1030px\"  aria-label=\"image fullsizeoutput_623\"  id='av-masonry-1-item-1314' data-av-masonry-item='1314' class='av-masonry-entry isotope-item post-1314 attachment type-attachment status-inherit hentry  av-masonry-item-with-image' title=\"fullsizeoutput_623\" alt=\"\"    itemprop=\"thumbnailUrl\" ><div class='av-inner-masonry-sizer'><\/div><figure class='av-inner-masonry main_color'><div class=\"av-masonry-outerimage-container\"><div class='av-masonry-image-container' style=\"background-image: url(https:\/\/llapart.es\/wp-content\/uploads\/2019\/01\/fullsizeoutput_623-705x508.jpeg);\"  title=\"fullsizeoutput_623\"  ><\/div><\/div><figcaption class='av-inner-masonry-content site-background'><div class='av-inner-masonry-content-pos'><div class='av-inner-masonry-content-pos-content'><div class='avia-arrow'><\/div><\/div><\/div><\/figcaption><\/figure><\/a><!--end av-masonry entry--><a href=\"https:\/\/llapart.es\/wp-content\/uploads\/2019\/01\/fullsizeoutput_625-864x1030.jpeg\" data-srcset=\"https:\/\/llapart.es\/wp-content\/uploads\/2019\/01\/fullsizeoutput_625-864x1030.jpeg 864w, https:\/\/llapart.es\/wp-content\/uploads\/2019\/01\/fullsizeoutput_625-252x300.jpeg 252w, https:\/\/llapart.es\/wp-content\/uploads\/2019\/01\/fullsizeoutput_625-591x705.jpeg 591w, https:\/\/llapart.es\/wp-content\/uploads\/2019\/01\/fullsizeoutput_625-450x537.jpeg 450w, https:\/\/llapart.es\/wp-content\/uploads\/2019\/01\/fullsizeoutput_625.jpeg 1217w\" data-sizes=\"(max-width: 864px) 100vw, 864px\"  aria-label=\"image fullsizeoutput_625\"  id='av-masonry-1-item-1313' data-av-masonry-item='1313' class='av-masonry-entry isotope-item post-1313 attachment type-attachment status-inherit hentry  av-masonry-item-with-image' title=\"fullsizeoutput_625\" alt=\"\"    itemprop=\"thumbnailUrl\" ><div class='av-inner-masonry-sizer'><\/div><figure class='av-inner-masonry main_color'><div class=\"av-masonry-outerimage-container\"><div class='av-masonry-image-container' style=\"background-image: url(https:\/\/llapart.es\/wp-content\/uploads\/2019\/01\/fullsizeoutput_625-591x705.jpeg);\"  title=\"fullsizeoutput_625\"  ><\/div><\/div><figcaption class='av-inner-masonry-content site-background'><div class='av-inner-masonry-content-pos'><div class='av-inner-masonry-content-pos-content'><div class='avia-arrow'><\/div><\/div><\/div><\/figcaption><\/figure><\/a><!--end av-masonry entry--><a href=\"https:\/\/llapart.es\/wp-content\/uploads\/2019\/01\/fullsizeoutput_636-1030x773.jpeg\" data-srcset=\"https:\/\/llapart.es\/wp-content\/uploads\/2019\/01\/fullsizeoutput_636-1030x773.jpeg 1030w, https:\/\/llapart.es\/wp-content\/uploads\/2019\/01\/fullsizeoutput_636-300x225.jpeg 300w, https:\/\/llapart.es\/wp-content\/uploads\/2019\/01\/fullsizeoutput_636-1500x1125.jpeg 1500w, https:\/\/llapart.es\/wp-content\/uploads\/2019\/01\/fullsizeoutput_636-705x529.jpeg 705w, https:\/\/llapart.es\/wp-content\/uploads\/2019\/01\/fullsizeoutput_636-450x338.jpeg 450w\" data-sizes=\"(max-width: 1030px) 100vw, 1030px\"  aria-label=\"image fullsizeoutput_636\"  id='av-masonry-1-item-1312' data-av-masonry-item='1312' class='av-masonry-entry isotope-item post-1312 attachment type-attachment status-inherit hentry  av-masonry-item-with-image' title=\"fullsizeoutput_636\" alt=\"\"    itemprop=\"thumbnailUrl\" ><div class='av-inner-masonry-sizer'><\/div><figure class='av-inner-masonry main_color'><div class=\"av-masonry-outerimage-container\"><div class='av-masonry-image-container' style=\"background-image: url(https:\/\/llapart.es\/wp-content\/uploads\/2019\/01\/fullsizeoutput_636-705x529.jpeg);\"  title=\"fullsizeoutput_636\"  ><\/div><\/div><figcaption class='av-inner-masonry-content site-background'><div class='av-inner-masonry-content-pos'><div class='av-inner-masonry-content-pos-content'><div class='avia-arrow'><\/div><\/div><\/div><\/figcaption><\/figure><\/a><!--end av-masonry entry--><a href=\"https:\/\/llapart.es\/wp-content\/uploads\/2019\/01\/fullsizeoutput_61f-988x1030.jpeg\" data-srcset=\"https:\/\/llapart.es\/wp-content\/uploads\/2019\/01\/fullsizeoutput_61f-988x1030.jpeg 988w, https:\/\/llapart.es\/wp-content\/uploads\/2019\/01\/fullsizeoutput_61f-288x300.jpeg 288w, https:\/\/llapart.es\/wp-content\/uploads\/2019\/01\/fullsizeoutput_61f-676x705.jpeg 676w, https:\/\/llapart.es\/wp-content\/uploads\/2019\/01\/fullsizeoutput_61f-450x469.jpeg 450w, https:\/\/llapart.es\/wp-content\/uploads\/2019\/01\/fullsizeoutput_61f.jpeg 1242w\" data-sizes=\"(max-width: 988px) 100vw, 988px\"  aria-label=\"image fullsizeoutput_61f\"  id='av-masonry-1-item-1309' data-av-masonry-item='1309' class='av-masonry-entry isotope-item post-1309 attachment type-attachment status-inherit hentry  av-masonry-item-with-image' title=\"fullsizeoutput_61f\" alt=\"\"    itemprop=\"thumbnailUrl\" ><div class='av-inner-masonry-sizer'><\/div><figure class='av-inner-masonry main_color'><div class=\"av-masonry-outerimage-container\"><div class='av-masonry-image-container' style=\"background-image: url(https:\/\/llapart.es\/wp-content\/uploads\/2019\/01\/fullsizeoutput_61f-676x705.jpeg);\"  title=\"fullsizeoutput_61f\"  ><\/div><\/div><figcaption class='av-inner-masonry-content site-background'><div class='av-inner-masonry-content-pos'><div class='av-inner-masonry-content-pos-content'><div class='avia-arrow'><\/div><\/div><\/div><\/figcaption><\/figure><\/a><!--end av-masonry entry--><a href=\"https:\/\/llapart.es\/wp-content\/uploads\/2019\/01\/fullsizeoutput_61d-1030x600.jpeg\" data-srcset=\"https:\/\/llapart.es\/wp-content\/uploads\/2019\/01\/fullsizeoutput_61d-1030x600.jpeg 1030w, https:\/\/llapart.es\/wp-content\/uploads\/2019\/01\/fullsizeoutput_61d-300x175.jpeg 300w, https:\/\/llapart.es\/wp-content\/uploads\/2019\/01\/fullsizeoutput_61d-705x410.jpeg 705w, https:\/\/llapart.es\/wp-content\/uploads\/2019\/01\/fullsizeoutput_61d-450x262.jpeg 450w, https:\/\/llapart.es\/wp-content\/uploads\/2019\/01\/fullsizeoutput_61d.jpeg 1242w\" data-sizes=\"(max-width: 1030px) 100vw, 1030px\"  aria-label=\"image fullsizeoutput_61d\"  id='av-masonry-1-item-1311' data-av-masonry-item='1311' class='av-masonry-entry isotope-item post-1311 attachment type-attachment status-inherit hentry  av-masonry-item-with-image' title=\"fullsizeoutput_61d\" alt=\"\"    itemprop=\"thumbnailUrl\" ><div class='av-inner-masonry-sizer'><\/div><figure class='av-inner-masonry main_color'><div class=\"av-masonry-outerimage-container\"><div class='av-masonry-image-container' style=\"background-image: url(https:\/\/llapart.es\/wp-content\/uploads\/2019\/01\/fullsizeoutput_61d-705x410.jpeg);\"  title=\"fullsizeoutput_61d\"  ><\/div><\/div><figcaption class='av-inner-masonry-content site-background'><div class='av-inner-masonry-content-pos'><div class='av-inner-masonry-content-pos-content'><div class='avia-arrow'><\/div><\/div><\/div><\/figcaption><\/figure><\/a><!--end av-masonry entry--><a href=\"https:\/\/llapart.es\/wp-content\/uploads\/2019\/01\/fullsizeoutput_61e-1030x566.jpeg\" data-srcset=\"https:\/\/llapart.es\/wp-content\/uploads\/2019\/01\/fullsizeoutput_61e-1030x566.jpeg 1030w, https:\/\/llapart.es\/wp-content\/uploads\/2019\/01\/fullsizeoutput_61e-300x165.jpeg 300w, https:\/\/llapart.es\/wp-content\/uploads\/2019\/01\/fullsizeoutput_61e-705x388.jpeg 705w, https:\/\/llapart.es\/wp-content\/uploads\/2019\/01\/fullsizeoutput_61e-450x247.jpeg 450w, https:\/\/llapart.es\/wp-content\/uploads\/2019\/01\/fullsizeoutput_61e.jpeg 1242w\" data-sizes=\"(max-width: 1030px) 100vw, 1030px\"  aria-label=\"image fullsizeoutput_61e\"  id='av-masonry-1-item-1310' data-av-masonry-item='1310' class='av-masonry-entry isotope-item post-1310 attachment type-attachment status-inherit hentry  av-masonry-item-with-image' title=\"fullsizeoutput_61e\" alt=\"\"    itemprop=\"thumbnailUrl\" ><div class='av-inner-masonry-sizer'><\/div><figure class='av-inner-masonry main_color'><div class=\"av-masonry-outerimage-container\"><div class='av-masonry-image-container' style=\"background-image: url(https:\/\/llapart.es\/wp-content\/uploads\/2019\/01\/fullsizeoutput_61e-705x388.jpeg);\"  title=\"fullsizeoutput_61e\"  ><\/div><\/div><figcaption class='av-inner-masonry-content site-background'><div class='av-inner-masonry-content-pos'><div class='av-inner-masonry-content-pos-content'><div class='avia-arrow'><\/div><\/div><\/div><\/figcaption><\/figure><\/a><!--end av-masonry entry--><a href=\"https:\/\/llapart.es\/wp-content\/uploads\/2019\/01\/fullsizeoutput_621-1030x560.jpeg\" data-srcset=\"https:\/\/llapart.es\/wp-content\/uploads\/2019\/01\/fullsizeoutput_621-1030x560.jpeg 1030w, https:\/\/llapart.es\/wp-content\/uploads\/2019\/01\/fullsizeoutput_621-300x163.jpeg 300w, https:\/\/llapart.es\/wp-content\/uploads\/2019\/01\/fullsizeoutput_621-705x383.jpeg 705w, https:\/\/llapart.es\/wp-content\/uploads\/2019\/01\/fullsizeoutput_621-450x245.jpeg 450w, https:\/\/llapart.es\/wp-content\/uploads\/2019\/01\/fullsizeoutput_621.jpeg 1242w\" data-sizes=\"(max-width: 1030px) 100vw, 1030px\"  aria-label=\"image fullsizeoutput_621\"  id='av-masonry-1-item-1315' data-av-masonry-item='1315' class='av-masonry-entry isotope-item post-1315 attachment type-attachment status-inherit hentry  av-masonry-item-with-image' title=\"fullsizeoutput_621\" alt=\"\"    itemprop=\"thumbnailUrl\" ><div class='av-inner-masonry-sizer'><\/div><figure class='av-inner-masonry main_color'><div class=\"av-masonry-outerimage-container\"><div class='av-masonry-image-container' style=\"background-image: url(https:\/\/llapart.es\/wp-content\/uploads\/2019\/01\/fullsizeoutput_621-705x383.jpeg);\"  title=\"fullsizeoutput_621\"  ><\/div><\/div><figcaption class='av-inner-masonry-content site-background'><div class='av-inner-masonry-content-pos'><div class='av-inner-masonry-content-pos-content'><div class='avia-arrow'><\/div><\/div><\/div><\/figcaption><\/figure><\/a><!--end av-masonry entry--><a href=\"https:\/\/llapart.es\/wp-content\/uploads\/2019\/01\/fullsizeoutput_620-1030x566.jpeg\" data-srcset=\"https:\/\/llapart.es\/wp-content\/uploads\/2019\/01\/fullsizeoutput_620-1030x566.jpeg 1030w, https:\/\/llapart.es\/wp-content\/uploads\/2019\/01\/fullsizeoutput_620-300x165.jpeg 300w, https:\/\/llapart.es\/wp-content\/uploads\/2019\/01\/fullsizeoutput_620-705x388.jpeg 705w, https:\/\/llapart.es\/wp-content\/uploads\/2019\/01\/fullsizeoutput_620-450x247.jpeg 450w, https:\/\/llapart.es\/wp-content\/uploads\/2019\/01\/fullsizeoutput_620.jpeg 1242w\" data-sizes=\"(max-width: 1030px) 100vw, 1030px\"  aria-label=\"image fullsizeoutput_620\"  id='av-masonry-1-item-1308' data-av-masonry-item='1308' class='av-masonry-entry isotope-item post-1308 attachment type-attachment status-inherit hentry  av-masonry-item-with-image' title=\"fullsizeoutput_620\" alt=\"\"    itemprop=\"thumbnailUrl\" ><div class='av-inner-masonry-sizer'><\/div><figure class='av-inner-masonry main_color'><div class=\"av-masonry-outerimage-container\"><div class='av-masonry-image-container' style=\"background-image: url(https:\/\/llapart.es\/wp-content\/uploads\/2019\/01\/fullsizeoutput_620-705x388.jpeg);\"  title=\"fullsizeoutput_620\"  ><\/div><\/div><figcaption class='av-inner-masonry-content site-background'><div class='av-inner-masonry-content-pos'><div class='av-inner-masonry-content-pos-content'><div class='avia-arrow'><\/div><\/div><\/div><\/figcaption><\/figure><\/a><!--end av-masonry entry--><\/div><\/div>\n\n<style type=\"text\/css\" data-created_by=\"avia_inline_auto\" id=\"style-css-av-375nl5-75003b7d087ff100c0885ec46272d9d5\">\n.avia-section.av-375nl5-75003b7d087ff100c0885ec46272d9d5{\nbackground-color:#eaeaea;\nbackground-image:unset;\n}\n<\/style>\n<div id='av_section_1'  class='avia-section av-375nl5-75003b7d087ff100c0885ec46272d9d5 main_color avia-section-default avia-no-shadow  avia-builder-el-7  el_after_av_masonry_gallery  avia-builder-el-last  avia-bg-style-scroll container_wrap sidebar_right'  ><div class='container av-section-cont-open' ><div class='template-page content  av-content-small alpha units'><div class='post-entry post-entry-type-page post-entry-1296'><div class='entry-content-wrapper clearfix'>\n<div  class='flex_column av-2v5d35-e6b47b6fe03c364031e6287ba70eff33 av_one_fifth  avia-builder-el-8  el_before_av_three_fifth  avia-builder-el-first  first flex_column_div  '     ><\/div><div  class='flex_column av-2nyym9-b888e0aa14c6510d941bc83e8a96ad2b av_three_fifth  avia-builder-el-9  el_after_av_one_fifth  el_before_av_one_fifth  flex_column_div  '     ><form action=\"https:\/\/llapart.es\/en\/coneal-epitheses\/\" method=\"post\" data-fields-with-error=\"Found errors in the following field(s):\" class=\"avia_ajax_form av-form-labels-visible   avia-builder-el-10  avia-builder-el-no-sibling   \" data-avia-form-id=\"1\" data-avia-redirect='' ><h3 class=''>Contact Us<\/h3><fieldset><p class='  first_form  form_element form_fullwidth' id='element_avia_1_1'><label for=\"avia_1_1\">Name <abbr class=\"required\" title=\"required\">*<\/abbr><\/label> <input name=\"avia_1_1\" class=\"text_input is_empty\" type=\"text\" id=\"avia_1_1\" value=\"\" \/><\/p><p class='  first_form  form_element form_fullwidth' id='element_avia_2_1'><label for=\"avia_2_1\">Phone <abbr class=\"required\" title=\"required\">*<\/abbr><\/label> <input name=\"avia_2_1\" class=\"text_input is_empty\" type=\"text\" id=\"avia_2_1\" value=\"\" \/><\/p><p class='  first_form  form_element form_fullwidth' id='element_avia_3_1'><label for=\"avia_3_1\">Email <abbr class=\"required\" title=\"required\">*<\/abbr><\/label> <input name=\"avia_3_1\" class=\"text_input is_email\" type=\"text\" id=\"avia_3_1\" value=\"\" \/><\/p><p class='  first_form  form_element form_fullwidth' id='element_avia_4_1'><label for=\"avia_4_1\">Subject <abbr class=\"required\" title=\"required\">*<\/abbr><\/label> <input name=\"avia_4_1\" class=\"text_input is_empty\" type=\"text\" id=\"avia_4_1\" value=\"\" \/><\/p><p class='  first_form  form_element form_fullwidth' id='element_avia_5_1'><label for=\"avia_5_1\" class=\"textare_label hidden textare_label_avia_5_1\">Message <abbr class=\"required\" title=\"required\">*<\/abbr><\/label><textarea  name=\"avia_5_1\" class=\"text_area is_empty\" cols=\"40\" rows=\"7\" id=\"avia_5_1\" ><\/textarea><\/p><p class='  first_form  form_element form_fullwidth av-last-visible-form-element' id='element_avia_6_1'><input  name=\"avia_6_1\" class=\"input_checkbox is_empty\" type=\"checkbox\" id=\"avia_6_1\" value=\"true\"\/><label class=\"input_checkbox_label\" for=\"avia_6_1\">I accept the <a href=\"https:\/\/llapart.es\/en\/legal-advice\/\" target=\"_blank\" rel=\"noopener noreferrer\">terms<\/a> and <a href=\"https:\/\/llapart.es\/en\/privacy-policy\/\" target=\"_blank\" rel=\"noopener noreferrer\">conditions<\/a> <abbr class=\"required\" title=\"required\">*<\/abbr><\/label><\/p><p class=\"hidden\"><input type=\"text\" name=\"avia_7_1\" class=\"hidden \" id=\"avia_7_1\" value=\"\" \/><\/p><p class=\"form_element \"><input type=\"hidden\" value=\"1\" name=\"avia_generated_form1\" \/><input type=\"submit\" value=\"Send\" class=\"button\"  data-sending-label=\"Sending\"\/><\/p><\/fieldset><\/form><div id=\"ajaxresponse_1\" class=\"ajaxresponse ajaxresponse_1 hidden\"><\/div><\/div><div  class='flex_column av-18ho95-24ccd91d2ab732153f3108bc847d3394 av_one_fifth  avia-builder-el-11  el_after_av_three_fifth  avia-builder-el-last  flex_column_div  '     ><\/div><\/div><\/div><\/div><!-- close content main div --><\/div><\/div><div id='after_section_1'  class='main_color av_default_container_wrap container_wrap sidebar_right'  ><div class='container av-section-cont-open' ><div class='template-page content  av-content-small alpha units'><div class='post-entry post-entry-type-page post-entry-1296'><div class='entry-content-wrapper clearfix'>\n","protected":false},"excerpt":{"rendered":"","protected":false},"author":1,"featured_media":0,"parent":0,"menu_order":600,"comment_status":"closed","ping_status":"closed","template":"","meta":[],"yoast_head":"<!-- This site is optimized with the Yoast SEO plugin v20.9 - https:\/\/yoast.com\/wordpress\/plugins\/seo\/ -->\n<title>Coneal epitheses - Cl\u00ednica Llapart<\/title>\n<meta name=\"robots\" content=\"index, follow, max-snippet:-1, max-image-preview:large, max-video-preview:-1\" \/>\n<link rel=\"canonical\" href=\"https:\/\/llapart.es\/en\/coneal-epitheses\/\" \/>\n<meta name=\"twitter:label1\" content=\"Est. reading time\" \/>\n\t<meta name=\"twitter:data1\" content=\"3 minutes\" \/>\n<script type=\"application\/ld+json\" class=\"yoast-schema-graph\">{\"@context\":\"https:\/\/schema.org\",\"@graph\":[{\"@type\":\"WebPage\",\"@id\":\"https:\/\/llapart.es\/en\/coneal-epitheses\/\",\"url\":\"https:\/\/llapart.es\/en\/coneal-epitheses\/\",\"name\":\"Coneal epitheses - Cl\u00ednica Llapart\",\"isPartOf\":{\"@id\":\"https:\/\/llapart.es\/#website\"},\"datePublished\":\"2019-10-07T14:42:48+00:00\",\"dateModified\":\"2020-12-01T18:15:27+00:00\",\"breadcrumb\":{\"@id\":\"https:\/\/llapart.es\/en\/coneal-epitheses\/#breadcrumb\"},\"inLanguage\":\"en-US\",\"potentialAction\":[{\"@type\":\"ReadAction\",\"target\":[\"https:\/\/llapart.es\/en\/coneal-epitheses\/\"]}]},{\"@type\":\"BreadcrumbList\",\"@id\":\"https:\/\/llapart.es\/en\/coneal-epitheses\/#breadcrumb\",\"itemListElement\":[{\"@type\":\"ListItem\",\"position\":1,\"name\":\"Portada\",\"item\":\"https:\/\/llapart.es\/en\/home\/\"},{\"@type\":\"ListItem\",\"position\":2,\"name\":\"Coneal epitheses\"}]},{\"@type\":\"WebSite\",\"@id\":\"https:\/\/llapart.es\/#website\",\"url\":\"https:\/\/llapart.es\/\",\"name\":\"CENTRO REHABILITACI\u00d3N ORTOP\u00c9DICA LLAPART\",\"description\":\"Centro Rehabilitaci\u00f3n Ortop\u00e9dica Llapart\",\"potentialAction\":[{\"@type\":\"SearchAction\",\"target\":{\"@type\":\"EntryPoint\",\"urlTemplate\":\"https:\/\/llapart.es\/?s={search_term_string}\"},\"query-input\":\"required name=search_term_string\"}],\"inLanguage\":\"en-US\"}]}<\/script>\n<!-- \/ Yoast SEO plugin. -->","yoast_head_json":{"title":"Coneal epitheses - Cl\u00ednica Llapart","robots":{"index":"index","follow":"follow","max-snippet":"max-snippet:-1","max-image-preview":"max-image-preview:large","max-video-preview":"max-video-preview:-1"},"canonical":"https:\/\/llapart.es\/en\/coneal-epitheses\/","twitter_misc":{"Est. reading time":"3 minutes"},"schema":{"@context":"https:\/\/schema.org","@graph":[{"@type":"WebPage","@id":"https:\/\/llapart.es\/en\/coneal-epitheses\/","url":"https:\/\/llapart.es\/en\/coneal-epitheses\/","name":"Coneal epitheses - Cl\u00ednica Llapart","isPartOf":{"@id":"https:\/\/llapart.es\/#website"},"datePublished":"2019-10-07T14:42:48+00:00","dateModified":"2020-12-01T18:15:27+00:00","breadcrumb":{"@id":"https:\/\/llapart.es\/en\/coneal-epitheses\/#breadcrumb"},"inLanguage":"en-US","potentialAction":[{"@type":"ReadAction","target":["https:\/\/llapart.es\/en\/coneal-epitheses\/"]}]},{"@type":"BreadcrumbList","@id":"https:\/\/llapart.es\/en\/coneal-epitheses\/#breadcrumb","itemListElement":[{"@type":"ListItem","position":1,"name":"Portada","item":"https:\/\/llapart.es\/en\/home\/"},{"@type":"ListItem","position":2,"name":"Coneal epitheses"}]},{"@type":"WebSite","@id":"https:\/\/llapart.es\/#website","url":"https:\/\/llapart.es\/","name":"CENTRO REHABILITACI\u00d3N ORTOP\u00c9DICA LLAPART","description":"Centro Rehabilitaci\u00f3n Ortop\u00e9dica Llapart","potentialAction":[{"@type":"SearchAction","target":{"@type":"EntryPoint","urlTemplate":"https:\/\/llapart.es\/?s={search_term_string}"},"query-input":"required name=search_term_string"}],"inLanguage":"en-US"}]}},"_links":{"self":[{"href":"https:\/\/llapart.es\/en\/wp-json\/wp\/v2\/pages\/1296"}],"collection":[{"href":"https:\/\/llapart.es\/en\/wp-json\/wp\/v2\/pages"}],"about":[{"href":"https:\/\/llapart.es\/en\/wp-json\/wp\/v2\/types\/page"}],"author":[{"embeddable":true,"href":"https:\/\/llapart.es\/en\/wp-json\/wp\/v2\/users\/1"}],"replies":[{"embeddable":true,"href":"https:\/\/llapart.es\/en\/wp-json\/wp\/v2\/comments?post=1296"}],"version-history":[{"count":4,"href":"https:\/\/llapart.es\/en\/wp-json\/wp\/v2\/pages\/1296\/revisions"}],"predecessor-version":[{"id":1836,"href":"https:\/\/llapart.es\/en\/wp-json\/wp\/v2\/pages\/1296\/revisions\/1836"}],"wp:attachment":[{"href":"https:\/\/llapart.es\/en\/wp-json\/wp\/v2\/media?parent=1296"}],"curies":[{"name":"wp","href":"https:\/\/api.w.org\/{rel}","templated":true}]}}