{"id":1318,"date":"2019-10-07T16:47:58","date_gmt":"2019-10-07T14:47:58","guid":{"rendered":"https:\/\/llapart.es\/contact\/"},"modified":"2026-04-17T10:41:29","modified_gmt":"2026-04-17T08:41:29","slug":"contact","status":"publish","type":"page","link":"https:\/\/llapart.es\/en\/contact\/","title":{"rendered":"Contact"},"content":{"rendered":"\n<style type=\"text\/css\" data-created_by=\"avia_inline_auto\" id=\"style-css-av-g2m3r-a79fe513bbd5933a505cf63e98560c0e\">\n.avia-section.av-g2m3r-a79fe513bbd5933a505cf63e98560c0e{\nbackground-color:#eaeaea;\nbackground-image:unset;\n}\n<\/style>\n<div id='av_section_1'  class='avia-section av-g2m3r-a79fe513bbd5933a505cf63e98560c0e main_color avia-section-default avia-no-shadow  avia-builder-el-0  avia-builder-el-no-sibling  avia-bg-style-scroll container_wrap sidebar_right'  ><div class='container av-section-cont-open' ><main  role=\"main\" itemprop=\"mainContentOfPage\"  class='template-page content  av-content-small alpha units'><div class='post-entry post-entry-type-page post-entry-1318'><div class='entry-content-wrapper clearfix'>\n<div  class='flex_column av-f8mh3-9f0e08eeba095e911b2b7d028b1594b4 av_one_third  avia-builder-el-1  el_before_av_one_half  avia-builder-el-first  first flex_column_div  '     ><br \/>\n\n<style type=\"text\/css\" data-created_by=\"avia_inline_auto\" id=\"style-css-av-dvsrb-af8a314c96e2191ff7df56a836b37fbe\">\n#top .hr.hr-invisible.av-dvsrb-af8a314c96e2191ff7df56a836b37fbe{\nheight:10px;\n}\n<\/style>\n<div  class='hr av-dvsrb-af8a314c96e2191ff7df56a836b37fbe hr-invisible  avia-builder-el-3  el_after_av_codeblock  avia-builder-el-last '><span class='hr-inner '><span class=\"hr-inner-style\"><\/span><\/span><\/div><\/p><\/div><div  class='flex_column av-b75a7-49a33b07c57a909554af82dc37540e29 av_one_half  avia-builder-el-4  el_after_av_one_third  el_before_av_hr  flex_column_div  '     ><form action=\"https:\/\/llapart.es\/en\/contact\/\" method=\"post\" data-fields-with-error=\"Found errors in the following field(s):\" class=\"avia_ajax_form av-form-labels-visible   avia-builder-el-5  avia-builder-el-no-sibling   \" data-avia-form-id=\"1\" data-avia-redirect='' ><h3 class=''>Contact Us<\/h3><fieldset><p class='  first_form  form_element form_fullwidth' id='element_avia_1_1'><label for=\"avia_1_1\">Name <abbr class=\"required\" title=\"required\">*<\/abbr><\/label> <input name=\"avia_1_1\" class=\"text_input is_empty\" type=\"text\" id=\"avia_1_1\" value=\"\" \/><\/p><p class='  first_form  form_element form_fullwidth' id='element_avia_2_1'><label for=\"avia_2_1\">Phone <abbr class=\"required\" title=\"required\">*<\/abbr><\/label> <input name=\"avia_2_1\" class=\"text_input is_empty\" type=\"text\" id=\"avia_2_1\" value=\"\" \/><\/p><p class='  first_form  form_element form_fullwidth' id='element_avia_3_1'><label for=\"avia_3_1\">Email <abbr class=\"required\" title=\"required\">*<\/abbr><\/label> <input name=\"avia_3_1\" class=\"text_input is_email\" type=\"text\" id=\"avia_3_1\" value=\"\" \/><\/p><p class='  first_form  form_element form_fullwidth' id='element_avia_4_1'><label for=\"avia_4_1\">Subject <abbr class=\"required\" title=\"required\">*<\/abbr><\/label> <input name=\"avia_4_1\" class=\"text_input is_empty\" type=\"text\" id=\"avia_4_1\" value=\"\" \/><\/p><p class='  first_form  form_element form_fullwidth' id='element_avia_5_1'><label for=\"avia_5_1\" class=\"textare_label hidden textare_label_avia_5_1\">Message <abbr class=\"required\" title=\"required\">*<\/abbr><\/label><textarea  name=\"avia_5_1\" class=\"text_area is_empty\" cols=\"40\" rows=\"7\" id=\"avia_5_1\" ><\/textarea><\/p><p class='  first_form  form_element form_fullwidth av-last-visible-form-element' id='element_avia_6_1'><input  name=\"avia_6_1\" class=\"input_checkbox is_empty\" type=\"checkbox\" id=\"avia_6_1\" value=\"true\"\/><label class=\"input_checkbox_label\" for=\"avia_6_1\">I accept the <a href=\"https:\/\/llapart.es\/en\/legal-advice\/\" target=\"_blank\" rel=\"noopener noreferrer\">terms<\/a> and <a href=\"https:\/\/llapart.es\/en\/privacy-policy\/\" target=\"_blank\" rel=\"noopener noreferrer\">conditions<\/a> <abbr class=\"required\" title=\"required\">*<\/abbr><\/label><\/p><p class=\"hidden\"><input type=\"text\" name=\"avia_7_1\" class=\"hidden \" id=\"avia_7_1\" value=\"\" \/><\/p><p class=\"form_element \"><input type=\"hidden\" value=\"1\" name=\"avia_generated_form1\" \/><input type=\"submit\" value=\"Send\" class=\"button\"  data-sending-label=\"Sending\"\/><\/p><\/fieldset><\/form><div id=\"ajaxresponse_1\" class=\"ajaxresponse ajaxresponse_1 hidden\"><\/div><\/div>\n<style type=\"text\/css\" data-created_by=\"avia_inline_auto\" id=\"style-css-av-570q7-ec6446729e4cc55073cedcb105b0d251\">\n#top .hr.hr-invisible.av-570q7-ec6446729e4cc55073cedcb105b0d251{\nheight:20px;\n}\n<\/style>\n<div  class='hr av-570q7-ec6446729e4cc55073cedcb105b0d251 hr-invisible  avia-builder-el-6  el_after_av_one_half  el_before_av_codeblock '><span class='hr-inner '><span class=\"hr-inner-style\"><\/span><\/span><\/div>\n\n<\/div><\/div><\/main><!-- close content main element --><\/div><\/div><div id='after_section_1'  class='main_color av_default_container_wrap container_wrap sidebar_right'  ><div class='container av-section-cont-open' ><div class='template-page content  av-content-small alpha units'><div class='post-entry post-entry-type-page post-entry-1318'><div class='entry-content-wrapper clearfix'>\n","protected":false},"excerpt":{"rendered":"","protected":false},"author":1,"featured_media":0,"parent":0,"menu_order":900,"comment_status":"closed","ping_status":"open","template":"","meta":[],"yoast_head":"<!-- This site is optimized with the Yoast SEO plugin v20.9 - https:\/\/yoast.com\/wordpress\/plugins\/seo\/ -->\n<title>Contact - Cl\u00ednica Llapart<\/title>\n<meta name=\"description\" content=\"Carrer Vilardell, 9 08014 Barcelona Tel. (+34) 93 332 16 52 Horario: de 9:00 a 19:00 info@llapart.es\" \/>\n<meta name=\"robots\" content=\"index, follow, max-snippet:-1, max-image-preview:large, max-video-preview:-1\" \/>\n<link rel=\"canonical\" href=\"https:\/\/llapart.es\/en\/contact\/\" \/>\n<meta name=\"twitter:label1\" content=\"Est. reading time\" \/>\n\t<meta name=\"twitter:data1\" content=\"1 minute\" \/>\n<script type=\"application\/ld+json\" class=\"yoast-schema-graph\">{\"@context\":\"https:\/\/schema.org\",\"@graph\":[{\"@type\":\"WebPage\",\"@id\":\"https:\/\/llapart.es\/en\/contact\/\",\"url\":\"https:\/\/llapart.es\/en\/contact\/\",\"name\":\"Contact - Cl\u00ednica Llapart\",\"isPartOf\":{\"@id\":\"https:\/\/llapart.es\/#website\"},\"datePublished\":\"2019-10-07T14:47:58+00:00\",\"dateModified\":\"2026-04-17T08:41:29+00:00\",\"description\":\"Carrer Vilardell, 9 08014 Barcelona Tel. (+34) 93 332 16 52 Horario: de 9:00 a 19:00 info@llapart.es\",\"breadcrumb\":{\"@id\":\"https:\/\/llapart.es\/en\/contact\/#breadcrumb\"},\"inLanguage\":\"en-US\",\"potentialAction\":[{\"@type\":\"ReadAction\",\"target\":[\"https:\/\/llapart.es\/en\/contact\/\"]}]},{\"@type\":\"BreadcrumbList\",\"@id\":\"https:\/\/llapart.es\/en\/contact\/#breadcrumb\",\"itemListElement\":[{\"@type\":\"ListItem\",\"position\":1,\"name\":\"Portada\",\"item\":\"https:\/\/llapart.es\/en\/home\/\"},{\"@type\":\"ListItem\",\"position\":2,\"name\":\"Contact\"}]},{\"@type\":\"WebSite\",\"@id\":\"https:\/\/llapart.es\/#website\",\"url\":\"https:\/\/llapart.es\/\",\"name\":\"CENTRO REHABILITACI\u00d3N ORTOP\u00c9DICA LLAPART\",\"description\":\"Centro Rehabilitaci\u00f3n Ortop\u00e9dica Llapart\",\"potentialAction\":[{\"@type\":\"SearchAction\",\"target\":{\"@type\":\"EntryPoint\",\"urlTemplate\":\"https:\/\/llapart.es\/?s={search_term_string}\"},\"query-input\":\"required name=search_term_string\"}],\"inLanguage\":\"en-US\"}]}<\/script>\n<!-- \/ Yoast SEO plugin. -->","yoast_head_json":{"title":"Contact - Cl\u00ednica Llapart","description":"Carrer Vilardell, 9 08014 Barcelona Tel. (+34) 93 332 16 52 Horario: de 9:00 a 19:00 info@llapart.es","robots":{"index":"index","follow":"follow","max-snippet":"max-snippet:-1","max-image-preview":"max-image-preview:large","max-video-preview":"max-video-preview:-1"},"canonical":"https:\/\/llapart.es\/en\/contact\/","twitter_misc":{"Est. reading time":"1 minute"},"schema":{"@context":"https:\/\/schema.org","@graph":[{"@type":"WebPage","@id":"https:\/\/llapart.es\/en\/contact\/","url":"https:\/\/llapart.es\/en\/contact\/","name":"Contact - Cl\u00ednica Llapart","isPartOf":{"@id":"https:\/\/llapart.es\/#website"},"datePublished":"2019-10-07T14:47:58+00:00","dateModified":"2026-04-17T08:41:29+00:00","description":"Carrer Vilardell, 9 08014 Barcelona Tel. (+34) 93 332 16 52 Horario: de 9:00 a 19:00 info@llapart.es","breadcrumb":{"@id":"https:\/\/llapart.es\/en\/contact\/#breadcrumb"},"inLanguage":"en-US","potentialAction":[{"@type":"ReadAction","target":["https:\/\/llapart.es\/en\/contact\/"]}]},{"@type":"BreadcrumbList","@id":"https:\/\/llapart.es\/en\/contact\/#breadcrumb","itemListElement":[{"@type":"ListItem","position":1,"name":"Portada","item":"https:\/\/llapart.es\/en\/home\/"},{"@type":"ListItem","position":2,"name":"Contact"}]},{"@type":"WebSite","@id":"https:\/\/llapart.es\/#website","url":"https:\/\/llapart.es\/","name":"CENTRO REHABILITACI\u00d3N ORTOP\u00c9DICA LLAPART","description":"Centro Rehabilitaci\u00f3n Ortop\u00e9dica Llapart","potentialAction":[{"@type":"SearchAction","target":{"@type":"EntryPoint","urlTemplate":"https:\/\/llapart.es\/?s={search_term_string}"},"query-input":"required name=search_term_string"}],"inLanguage":"en-US"}]}},"_links":{"self":[{"href":"https:\/\/llapart.es\/en\/wp-json\/wp\/v2\/pages\/1318"}],"collection":[{"href":"https:\/\/llapart.es\/en\/wp-json\/wp\/v2\/pages"}],"about":[{"href":"https:\/\/llapart.es\/en\/wp-json\/wp\/v2\/types\/page"}],"author":[{"embeddable":true,"href":"https:\/\/llapart.es\/en\/wp-json\/wp\/v2\/users\/1"}],"replies":[{"embeddable":true,"href":"https:\/\/llapart.es\/en\/wp-json\/wp\/v2\/comments?post=1318"}],"version-history":[{"count":5,"href":"https:\/\/llapart.es\/en\/wp-json\/wp\/v2\/pages\/1318\/revisions"}],"predecessor-version":[{"id":2212,"href":"https:\/\/llapart.es\/en\/wp-json\/wp\/v2\/pages\/1318\/revisions\/2212"}],"wp:attachment":[{"href":"https:\/\/llapart.es\/en\/wp-json\/wp\/v2\/media?parent=1318"}],"curies":[{"name":"wp","href":"https:\/\/api.w.org\/{rel}","templated":true}]}}