{"id":1539,"date":"2019-10-17T18:35:03","date_gmt":"2019-10-17T16:35:03","guid":{"rendered":"https:\/\/llapart.es\/delegaciones\/"},"modified":"2025-09-30T12:28:46","modified_gmt":"2025-09-30T10:28:46","slug":"delegaciones","status":"publish","type":"page","link":"https:\/\/llapart.es\/en\/delegaciones\/","title":{"rendered":"Delegaciones"},"content":{"rendered":"\n<style type=\"text\/css\" data-created_by=\"avia_inline_auto\" id=\"style-css-av-av_section-c2589ba99b49e6068cbecf62792ad550\">\n.avia-section.av-av_section-c2589ba99b49e6068cbecf62792ad550{\nbackground-color:#eaeaea;\nbackground-image:unset;\n}\n<\/style>\n<div id='av_section_1'  class='avia-section av-av_section-c2589ba99b49e6068cbecf62792ad550 main_color avia-section-default avia-no-shadow  avia-builder-el-0  avia-builder-el-no-sibling  avia-bg-style-scroll container_wrap sidebar_right'  ><div class='container av-section-cont-open' ><main  role=\"main\" itemprop=\"mainContentOfPage\"  class='template-page content  av-content-small alpha units'><div class='post-entry post-entry-type-page post-entry-1539'><div class='entry-content-wrapper clearfix'>\n\n<style type=\"text\/css\" data-created_by=\"avia_inline_auto\" id=\"style-css-av-av_hr-541a50d8512ee1db65e0a741449ba0b9\">\n#top .hr.hr-invisible.av-av_hr-541a50d8512ee1db65e0a741449ba0b9{\nheight:20px;\n}\n<\/style>\n<div  class='hr av-av_hr-541a50d8512ee1db65e0a741449ba0b9 hr-invisible  avia-builder-el-1  el_before_av_google_map  avia-builder-el-no-sibling '><span class='hr-inner '><span class=\"hr-inner-style\"><\/span><\/span><\/div>\n<div  class='av_gmaps_sc_main_wrap av_gmaps_main_wrap '><div id='av_gmap_0' class='avia-google-map-container avia-google-map-sc av_gmaps_show_unconditionally av-no-fallback-img ' data-mapid='av_gmap_0'  style='height: 500px;'><a class=\"av_gmaps_browser_disabled av_text_confirm_link av_text_confirm_link_visible\" href=\"https:\/\/www.google.com\/maps\/search\/?api=1&#038;query=Garcilaso%209%2020010%20Madrid%20%20Espa\u00f1a\" target=\"_blank\" rel=\"noopener\">Maps were disabled by the visitor on this site. Click to open the map in a new window.<\/a><\/div><\/div>\n<\/div><\/div><\/main><!-- close content main element --><\/div><\/div><div id='after_section_1'  class='main_color av_default_container_wrap container_wrap sidebar_right'  ><div class='container av-section-cont-open' ><div class='template-page content  av-content-small alpha units'><div class='post-entry post-entry-type-page post-entry-1539'><div class='entry-content-wrapper clearfix'>\n","protected":false},"excerpt":{"rendered":"","protected":false},"author":1,"featured_media":0,"parent":0,"menu_order":910,"comment_status":"closed","ping_status":"closed","template":"","meta":[],"yoast_head":"<!-- This site is optimized with the Yoast SEO plugin v20.9 - https:\/\/yoast.com\/wordpress\/plugins\/seo\/ -->\n<title>Delegaciones - CENTRO REHABILITACI\u00d3N ORTOP\u00c9DICA LLAPART<\/title>\n<meta name=\"robots\" content=\"index, follow, max-snippet:-1, max-image-preview:large, max-video-preview:-1\" \/>\n<link rel=\"canonical\" href=\"https:\/\/llapart.es\/en\/delegaciones\/\" \/>\n<meta name=\"twitter:label1\" content=\"Est. reading time\" \/>\n\t<meta name=\"twitter:data1\" content=\"1 minute\" \/>\n<script type=\"application\/ld+json\" class=\"yoast-schema-graph\">{\"@context\":\"https:\/\/schema.org\",\"@graph\":[{\"@type\":\"WebPage\",\"@id\":\"https:\/\/llapart.es\/en\/delegaciones\/\",\"url\":\"https:\/\/llapart.es\/en\/delegaciones\/\",\"name\":\"Delegaciones - CENTRO REHABILITACI\u00d3N ORTOP\u00c9DICA LLAPART\",\"isPartOf\":{\"@id\":\"https:\/\/llapart.es\/#website\"},\"datePublished\":\"2019-10-17T16:35:03+00:00\",\"dateModified\":\"2025-09-30T10:28:46+00:00\",\"breadcrumb\":{\"@id\":\"https:\/\/llapart.es\/en\/delegaciones\/#breadcrumb\"},\"inLanguage\":\"en-US\",\"potentialAction\":[{\"@type\":\"ReadAction\",\"target\":[\"https:\/\/llapart.es\/en\/delegaciones\/\"]}]},{\"@type\":\"BreadcrumbList\",\"@id\":\"https:\/\/llapart.es\/en\/delegaciones\/#breadcrumb\",\"itemListElement\":[{\"@type\":\"ListItem\",\"position\":1,\"name\":\"Portada\",\"item\":\"https:\/\/llapart.es\/en\/home\/\"},{\"@type\":\"ListItem\",\"position\":2,\"name\":\"Delegaciones\"}]},{\"@type\":\"WebSite\",\"@id\":\"https:\/\/llapart.es\/#website\",\"url\":\"https:\/\/llapart.es\/\",\"name\":\"CENTRO REHABILITACI\u00d3N ORTOP\u00c9DICA LLAPART\",\"description\":\"Centro Rehabilitaci\u00f3n Ortop\u00e9dica Llapart\",\"potentialAction\":[{\"@type\":\"SearchAction\",\"target\":{\"@type\":\"EntryPoint\",\"urlTemplate\":\"https:\/\/llapart.es\/?s={search_term_string}\"},\"query-input\":\"required name=search_term_string\"}],\"inLanguage\":\"en-US\"}]}<\/script>\n<!-- \/ Yoast SEO plugin. -->","yoast_head_json":{"title":"Delegaciones - CENTRO REHABILITACI\u00d3N ORTOP\u00c9DICA LLAPART","robots":{"index":"index","follow":"follow","max-snippet":"max-snippet:-1","max-image-preview":"max-image-preview:large","max-video-preview":"max-video-preview:-1"},"canonical":"https:\/\/llapart.es\/en\/delegaciones\/","twitter_misc":{"Est. reading time":"1 minute"},"schema":{"@context":"https:\/\/schema.org","@graph":[{"@type":"WebPage","@id":"https:\/\/llapart.es\/en\/delegaciones\/","url":"https:\/\/llapart.es\/en\/delegaciones\/","name":"Delegaciones - CENTRO REHABILITACI\u00d3N ORTOP\u00c9DICA LLAPART","isPartOf":{"@id":"https:\/\/llapart.es\/#website"},"datePublished":"2019-10-17T16:35:03+00:00","dateModified":"2025-09-30T10:28:46+00:00","breadcrumb":{"@id":"https:\/\/llapart.es\/en\/delegaciones\/#breadcrumb"},"inLanguage":"en-US","potentialAction":[{"@type":"ReadAction","target":["https:\/\/llapart.es\/en\/delegaciones\/"]}]},{"@type":"BreadcrumbList","@id":"https:\/\/llapart.es\/en\/delegaciones\/#breadcrumb","itemListElement":[{"@type":"ListItem","position":1,"name":"Portada","item":"https:\/\/llapart.es\/en\/home\/"},{"@type":"ListItem","position":2,"name":"Delegaciones"}]},{"@type":"WebSite","@id":"https:\/\/llapart.es\/#website","url":"https:\/\/llapart.es\/","name":"CENTRO REHABILITACI\u00d3N ORTOP\u00c9DICA LLAPART","description":"Centro Rehabilitaci\u00f3n Ortop\u00e9dica Llapart","potentialAction":[{"@type":"SearchAction","target":{"@type":"EntryPoint","urlTemplate":"https:\/\/llapart.es\/?s={search_term_string}"},"query-input":"required name=search_term_string"}],"inLanguage":"en-US"}]}},"_links":{"self":[{"href":"https:\/\/llapart.es\/en\/wp-json\/wp\/v2\/pages\/1539"}],"collection":[{"href":"https:\/\/llapart.es\/en\/wp-json\/wp\/v2\/pages"}],"about":[{"href":"https:\/\/llapart.es\/en\/wp-json\/wp\/v2\/types\/page"}],"author":[{"embeddable":true,"href":"https:\/\/llapart.es\/en\/wp-json\/wp\/v2\/users\/1"}],"replies":[{"embeddable":true,"href":"https:\/\/llapart.es\/en\/wp-json\/wp\/v2\/comments?post=1539"}],"version-history":[{"count":5,"href":"https:\/\/llapart.es\/en\/wp-json\/wp\/v2\/pages\/1539\/revisions"}],"predecessor-version":[{"id":2147,"href":"https:\/\/llapart.es\/en\/wp-json\/wp\/v2\/pages\/1539\/revisions\/2147"}],"wp:attachment":[{"href":"https:\/\/llapart.es\/en\/wp-json\/wp\/v2\/media?parent=1539"}],"curies":[{"name":"wp","href":"https:\/\/api.w.org\/{rel}","templated":true}]}}