{"id":1948,"date":"2021-09-18T23:19:27","date_gmt":"2021-09-18T21:19:27","guid":{"rendered":"https:\/\/llapart.es\/?page_id=1948"},"modified":"2022-12-15T17:15:48","modified_gmt":"2022-12-15T15:15:48","slug":"hyaluronic-acid-prosthesis","status":"publish","type":"page","link":"https:\/\/llapart.es\/en\/hyaluronic-acid-prosthesis\/","title":{"rendered":"Hyaluronic Acid Prosthesis"},"content":{"rendered":"\n<style type=\"text\/css\" data-created_by=\"avia_inline_auto\" id=\"style-css-av-ktqacpn9-4c3fc7ec12a361d7b2c17a1ae689a0d3\">\n#top .av-special-heading.av-ktqacpn9-4c3fc7ec12a361d7b2c17a1ae689a0d3{\npadding-bottom:10px;\n}\nbody .av-special-heading.av-ktqacpn9-4c3fc7ec12a361d7b2c17a1ae689a0d3 .av-special-heading-tag .heading-char{\nfont-size:25px;\n}\n.av-special-heading.av-ktqacpn9-4c3fc7ec12a361d7b2c17a1ae689a0d3 .av-subheading{\nfont-size:15px;\n}\n<\/style>\n<div  class='av-special-heading av-ktqacpn9-4c3fc7ec12a361d7b2c17a1ae689a0d3 av-special-heading-h1  avia-builder-el-0  el_before_av_one_half  avia-builder-el-first '><h1 class='av-special-heading-tag'  itemprop=\"headline\"  >Pr\u00f3tesis \u00c1cido Hialur\u00f3nico<\/h1><div class=\"special-heading-border\"><div class=\"special-heading-inner-border\"><\/div><\/div><\/div>\n<div  class='flex_column av-4lcott-0477e8b99818aba7fa31e001b3ef74ad av_one_half  avia-builder-el-1  el_after_av_heading  el_before_av_one_half  first flex_column_div  '     ><section  class='av_textblock_section av-4fu4oh-c782ed6cc0155845a54f8cc880854f84 '   itemscope=\"itemscope\" itemtype=\"https:\/\/schema.org\/CreativeWork\" ><div class='avia_textblock'  itemprop=\"text\" ><p>Gran novedad Pr\u00f3tesis \u00c1cido Hialur\u00f3nico<\/p>\n<p>Grupo Cl\u00ednica Llapart sigue avanzando para conseguir excelentes resultados beneficiosos para sus pacientes.<\/p>\n<p>Desde hace mucho tiempo se inici\u00f3 la investigaci\u00f3n para llegar a conseguir la f\u00f3rmula definitiva de esta novedad.<\/p>\n<p>El \u00e1cido hialur\u00f3nico en el campo cient\u00edfico ha dado excelentes resultados, aplicado por m\u00e9dicos, el equipo de laboratorio ha conseguido la f\u00f3rmula para fabricar este tipo de pr\u00f3tesis.<\/p>\n<p>Se realiz\u00f3 un estudio con m\u00e1s de 50 pacientes.<\/p>\n<p>Algunas de las ventajas que nos comentaban los pacientes realizando el estudio<\/p>\n<ul>\n<li>Parece que no llevo pr\u00f3tesis, no siento nada.<\/li>\n<li>Siento much\u00edsima comodidad.<\/li>\n<li>El brillo es igual a mi ojo sano.<\/li>\n<li>Ya no utilizo l\u00e1grimas artificiales.<\/li>\n<li>No me levanto por la ma\u00f1ana con laga\u00f1as y pesta\u00f1as pegadas.<\/li>\n<li>Mis parpados no me duelen, cuando llevo todo el d\u00eda con la pr\u00f3tesis.<\/li>\n<\/ul>\n<p>\u00bfA que es debido todo esto?<\/p>\n<ul>\n<li>El \u00e1cido hialur\u00f3nico act\u00faa como humectante.<\/li>\n<li>El \u00e1cido hialur\u00f3nico act\u00faa 24 horas sobre la pr\u00f3tesis ocular.<\/li>\n<li>El \u00e1cido hialur\u00f3nico act\u00faa como retenedor de lagrima.<\/li>\n<li>El \u00e1cido hialur\u00f3nico proporciona comodidad en la cavidad ocular.<\/li>\n<li>El \u00e1cido hialur\u00f3nico disminuye exudados en la cavidad.<\/li>\n<\/ul>\n<\/div><\/section><\/div>\n<div  class='flex_column av-43szbd-c1426eed32c9c6ce833b6de328c93fe5 av_one_half  avia-builder-el-3  el_after_av_one_half  el_before_av_section  avia-builder-el-last  flex_column_div  '     ><p>\n<style type=\"text\/css\" data-created_by=\"avia_inline_auto\" id=\"style-css-av-kgmidqzq-5b406d485bced5add3302a4e0d83b75e\">\n#top .hr.hr-invisible.av-kgmidqzq-5b406d485bced5add3302a4e0d83b75e{\nheight:30px;\n}\n<\/style>\n<div  class='hr av-kgmidqzq-5b406d485bced5add3302a4e0d83b75e hr-invisible  avia-builder-el-4  el_before_av_slideshow  avia-builder-el-first '><span class='hr-inner '><span class=\"hr-inner-style\"><\/span><\/span><\/div><br \/>\n<div  class='avia-slideshow av-3yqn9t-76a5c404ccc55c5c131806babada0689 avia-slideshow-no scaling av_slideshow avia-fade-slider  avia-builder-el-5  el_after_av_hr  avia-builder-el-last  av-slideshow-ui av-control-default av-slideshow-autoplay av-loop-endless av-loop-manual-endless av-default-height-applied avia-slideshow-1' data-slideshow-options=\"{&quot;animation&quot;:&quot;fade&quot;,&quot;autoplay&quot;:true,&quot;loop_autoplay&quot;:&quot;endless&quot;,&quot;interval&quot;:5,&quot;loop_manual&quot;:&quot;manual-endless&quot;,&quot;autoplay_stopper&quot;:false,&quot;noNavigation&quot;:false,&quot;bg_slider&quot;:false,&quot;keep_padding&quot;:false,&quot;hoverpause&quot;:false,&quot;show_slide_delay&quot;:0}\"  itemprop=\"image\" itemscope=\"itemscope\" itemtype=\"https:\/\/schema.org\/ImageObject\" ><ul class='avia-slideshow-inner ' style='padding-bottom: 64.814814814815%;'><li  class='avia-slideshow-slide av-3yqn9t-76a5c404ccc55c5c131806babada0689__0  slide-1 slide-odd'><div data-rel='slideshow-1' class='avia-slide-wrap '   ><img decoding=\"async\" class=\"wp-image-1943 avia-img-lazy-loading-not-1943\"  src=\"https:\/\/llapart.es\/wp-content\/uploads\/2021\/09\/IMG_8072.jpeg\" width=\"1242\" height=\"805\" title='IMG_8072' alt=''  itemprop=\"thumbnailUrl\" srcset=\"https:\/\/llapart.es\/wp-content\/uploads\/2021\/09\/IMG_8072.jpeg 1242w, https:\/\/llapart.es\/wp-content\/uploads\/2021\/09\/IMG_8072-300x194.jpeg 300w, https:\/\/llapart.es\/wp-content\/uploads\/2021\/09\/IMG_8072-1030x668.jpeg 1030w, https:\/\/llapart.es\/wp-content\/uploads\/2021\/09\/IMG_8072-768x498.jpeg 768w, https:\/\/llapart.es\/wp-content\/uploads\/2021\/09\/IMG_8072-705x457.jpeg 705w\" sizes=\"(max-width: 1242px) 100vw, 1242px\" \/><\/div><\/li><li  class='avia-slideshow-slide av-3yqn9t-76a5c404ccc55c5c131806babada0689__1  slide-2 slide-even'><div data-rel='slideshow-1' class='avia-slide-wrap '   ><img decoding=\"async\" class=\"wp-image-2069 avia-img-lazy-loading-not-2069\"  src=\"https:\/\/llapart.es\/wp-content\/uploads\/2022\/12\/acido.jpg\" width=\"1036\" height=\"690\" title='acido' alt=''  itemprop=\"thumbnailUrl\" srcset=\"https:\/\/llapart.es\/wp-content\/uploads\/2022\/12\/acido.jpg 1036w, https:\/\/llapart.es\/wp-content\/uploads\/2022\/12\/acido-300x200.jpg 300w, https:\/\/llapart.es\/wp-content\/uploads\/2022\/12\/acido-1030x686.jpg 1030w, https:\/\/llapart.es\/wp-content\/uploads\/2022\/12\/acido-768x512.jpg 768w, https:\/\/llapart.es\/wp-content\/uploads\/2022\/12\/acido-705x470.jpg 705w\" sizes=\"(max-width: 1036px) 100vw, 1036px\" \/><\/div><\/li><\/ul><div class='avia-slideshow-arrows avia-slideshow-controls' ><a href='#prev' class='prev-slide ' aria-hidden='true' data-av_icon='\ue87c' data-av_iconfont='entypo-fontello'  tabindex='-1'>Previous<\/a><a href='#next' class='next-slide ' aria-hidden='true' data-av_icon='\ue87d' data-av_iconfont='entypo-fontello'  tabindex='-1'>Next<\/a><\/div><div class='avia-slideshow-dots avia-slideshow-controls'><a href='#1' class='goto-slide active' >1<\/a><a href='#2' class='goto-slide ' >2<\/a><\/div><\/div><\/p><\/div><\/div><\/div><\/div><!-- close content main div --><\/div><\/div>\n<style type=\"text\/css\" data-created_by=\"avia_inline_auto\" id=\"style-css-av-375nl5-75003b7d087ff100c0885ec46272d9d5\">\n.avia-section.av-375nl5-75003b7d087ff100c0885ec46272d9d5{\nbackground-color:#eaeaea;\nbackground-image:unset;\n}\n<\/style>\n<div id='av_section_1'  class='avia-section av-375nl5-75003b7d087ff100c0885ec46272d9d5 main_color avia-section-default avia-no-shadow  avia-builder-el-6  el_after_av_one_half  avia-builder-el-last  avia-bg-style-scroll container_wrap sidebar_right'  ><div class='container av-section-cont-open' ><div class='template-page content  av-content-small alpha units'><div class='post-entry post-entry-type-page post-entry-1948'><div class='entry-content-wrapper clearfix'>\n<div  class='flex_column av-2v5d35-e6b47b6fe03c364031e6287ba70eff33 av_one_fifth  avia-builder-el-7  el_before_av_three_fifth  avia-builder-el-first  first flex_column_div  '     ><\/div><div  class='flex_column av-2nyym9-b888e0aa14c6510d941bc83e8a96ad2b av_three_fifth  avia-builder-el-8  el_after_av_one_fifth  el_before_av_one_fifth  flex_column_div  '     ><form action=\"https:\/\/llapart.es\/en\/hyaluronic-acid-prosthesis\/\" method=\"post\" data-fields-with-error=\"Found errors in the following field(s):\" class=\"avia_ajax_form av-form-labels-visible   avia-builder-el-9  avia-builder-el-no-sibling   \" data-avia-form-id=\"1\" data-avia-redirect='' ><h3 class=''>Cont\u00e1ctanos<\/h3><fieldset><p class='  first_form  form_element form_fullwidth' id='element_avia_1_1'><label for=\"avia_1_1\">Nombre <abbr class=\"required\" title=\"required\">*<\/abbr><\/label> <input name=\"avia_1_1\" class=\"text_input is_empty\" type=\"text\" id=\"avia_1_1\" value=\"\" \/><\/p><p class='  first_form  form_element form_fullwidth' id='element_avia_2_1'><label for=\"avia_2_1\">Tel\u00e9fono <abbr class=\"required\" title=\"required\">*<\/abbr><\/label> <input name=\"avia_2_1\" class=\"text_input is_empty\" type=\"text\" id=\"avia_2_1\" value=\"\" \/><\/p><p class='  first_form  form_element form_fullwidth' id='element_avia_3_1'><label for=\"avia_3_1\">Correo electr\u00f3nico <abbr class=\"required\" title=\"required\">*<\/abbr><\/label> <input name=\"avia_3_1\" class=\"text_input is_email\" type=\"text\" id=\"avia_3_1\" value=\"\" \/><\/p><p class='  first_form  form_element form_fullwidth' id='element_avia_4_1'><label for=\"avia_4_1\">Asunto <abbr class=\"required\" title=\"required\">*<\/abbr><\/label> <input name=\"avia_4_1\" class=\"text_input is_empty\" type=\"text\" id=\"avia_4_1\" value=\"\" \/><\/p><p class='  first_form  form_element form_fullwidth' id='element_avia_5_1'><label for=\"avia_5_1\" class=\"textare_label hidden textare_label_avia_5_1\">Mensaje <abbr class=\"required\" title=\"required\">*<\/abbr><\/label><textarea  name=\"avia_5_1\" class=\"text_area is_empty\" cols=\"40\" rows=\"7\" id=\"avia_5_1\" ><\/textarea><\/p><p class='  first_form  form_element form_fullwidth av-last-visible-form-element' id='element_avia_6_1'><input  name=\"avia_6_1\" class=\"input_checkbox is_empty\" type=\"checkbox\" id=\"avia_6_1\" value=\"true\"\/><label class=\"input_checkbox_label\" for=\"avia_6_1\">Acepto los <a href=\"https:\/\/llapart.es\/aviso-legal\/\" target=\"_blank\" rel=\"noopener\">t\u00e9rminos<\/a> y <a href=\"https:\/\/llapart.es\/politica-de-privacidad\/\" target=\"_blank\" rel=\"noopener\">condiciones<\/a> <abbr class=\"required\" title=\"required\">*<\/abbr><\/label><\/p><p class=\"hidden\"><input type=\"text\" name=\"avia_7_1\" class=\"hidden \" id=\"avia_7_1\" value=\"\" \/><\/p><p class=\"form_element \"><input type=\"hidden\" value=\"1\" name=\"avia_generated_form1\" \/><input type=\"submit\" value=\"Enviar\" class=\"button\"  data-sending-label=\"Sending\"\/><\/p><\/fieldset><\/form><div id=\"ajaxresponse_1\" class=\"ajaxresponse ajaxresponse_1 hidden\"><\/div><\/div><div  class='flex_column av-18ho95-24ccd91d2ab732153f3108bc847d3394 av_one_fifth  avia-builder-el-10  el_after_av_three_fifth  avia-builder-el-last  flex_column_div  '     ><\/div>\n<\/div><\/div><\/div><!-- close content main div --><\/div><\/div><div id='after_section_1'  class='main_color av_default_container_wrap container_wrap sidebar_right'  ><div class='container av-section-cont-open' ><div class='template-page content  av-content-small alpha units'><div class='post-entry post-entry-type-page post-entry-1948'><div class='entry-content-wrapper clearfix'><\/p>\n","protected":false},"excerpt":{"rendered":"","protected":false},"author":1,"featured_media":0,"parent":0,"menu_order":650,"comment_status":"closed","ping_status":"closed","template":"","meta":[],"yoast_head":"<!-- This site is optimized with the Yoast SEO plugin v20.9 - https:\/\/yoast.com\/wordpress\/plugins\/seo\/ -->\n<title>Hyaluronic Acid Prosthesis - CENTRO REHABILITACI\u00d3N ORTOP\u00c9DICA LLAPART<\/title>\n<meta name=\"robots\" content=\"index, follow, max-snippet:-1, max-image-preview:large, max-video-preview:-1\" \/>\n<link rel=\"canonical\" href=\"https:\/\/llapart.es\/en\/hyaluronic-acid-prosthesis\/\" \/>\n<meta name=\"twitter:label1\" content=\"Est. reading time\" \/>\n\t<meta name=\"twitter:data1\" content=\"2 minutes\" \/>\n<script type=\"application\/ld+json\" class=\"yoast-schema-graph\">{\"@context\":\"https:\/\/schema.org\",\"@graph\":[{\"@type\":\"WebPage\",\"@id\":\"https:\/\/llapart.es\/en\/hyaluronic-acid-prosthesis\/\",\"url\":\"https:\/\/llapart.es\/en\/hyaluronic-acid-prosthesis\/\",\"name\":\"Hyaluronic Acid Prosthesis - CENTRO REHABILITACI\u00d3N ORTOP\u00c9DICA LLAPART\",\"isPartOf\":{\"@id\":\"https:\/\/llapart.es\/#website\"},\"datePublished\":\"2021-09-18T21:19:27+00:00\",\"dateModified\":\"2022-12-15T15:15:48+00:00\",\"breadcrumb\":{\"@id\":\"https:\/\/llapart.es\/en\/hyaluronic-acid-prosthesis\/#breadcrumb\"},\"inLanguage\":\"en-US\",\"potentialAction\":[{\"@type\":\"ReadAction\",\"target\":[\"https:\/\/llapart.es\/en\/hyaluronic-acid-prosthesis\/\"]}]},{\"@type\":\"BreadcrumbList\",\"@id\":\"https:\/\/llapart.es\/en\/hyaluronic-acid-prosthesis\/#breadcrumb\",\"itemListElement\":[{\"@type\":\"ListItem\",\"position\":1,\"name\":\"Portada\",\"item\":\"https:\/\/llapart.es\/en\/home\/\"},{\"@type\":\"ListItem\",\"position\":2,\"name\":\"Hyaluronic Acid Prosthesis\"}]},{\"@type\":\"WebSite\",\"@id\":\"https:\/\/llapart.es\/#website\",\"url\":\"https:\/\/llapart.es\/\",\"name\":\"CENTRO REHABILITACI\u00d3N ORTOP\u00c9DICA LLAPART\",\"description\":\"Centro Rehabilitaci\u00f3n Ortop\u00e9dica Llapart\",\"potentialAction\":[{\"@type\":\"SearchAction\",\"target\":{\"@type\":\"EntryPoint\",\"urlTemplate\":\"https:\/\/llapart.es\/?s={search_term_string}\"},\"query-input\":\"required name=search_term_string\"}],\"inLanguage\":\"en-US\"}]}<\/script>\n<!-- \/ Yoast SEO plugin. -->","yoast_head_json":{"title":"Hyaluronic Acid Prosthesis - CENTRO REHABILITACI\u00d3N ORTOP\u00c9DICA LLAPART","robots":{"index":"index","follow":"follow","max-snippet":"max-snippet:-1","max-image-preview":"max-image-preview:large","max-video-preview":"max-video-preview:-1"},"canonical":"https:\/\/llapart.es\/en\/hyaluronic-acid-prosthesis\/","twitter_misc":{"Est. reading time":"2 minutes"},"schema":{"@context":"https:\/\/schema.org","@graph":[{"@type":"WebPage","@id":"https:\/\/llapart.es\/en\/hyaluronic-acid-prosthesis\/","url":"https:\/\/llapart.es\/en\/hyaluronic-acid-prosthesis\/","name":"Hyaluronic Acid Prosthesis - CENTRO REHABILITACI\u00d3N ORTOP\u00c9DICA LLAPART","isPartOf":{"@id":"https:\/\/llapart.es\/#website"},"datePublished":"2021-09-18T21:19:27+00:00","dateModified":"2022-12-15T15:15:48+00:00","breadcrumb":{"@id":"https:\/\/llapart.es\/en\/hyaluronic-acid-prosthesis\/#breadcrumb"},"inLanguage":"en-US","potentialAction":[{"@type":"ReadAction","target":["https:\/\/llapart.es\/en\/hyaluronic-acid-prosthesis\/"]}]},{"@type":"BreadcrumbList","@id":"https:\/\/llapart.es\/en\/hyaluronic-acid-prosthesis\/#breadcrumb","itemListElement":[{"@type":"ListItem","position":1,"name":"Portada","item":"https:\/\/llapart.es\/en\/home\/"},{"@type":"ListItem","position":2,"name":"Hyaluronic Acid Prosthesis"}]},{"@type":"WebSite","@id":"https:\/\/llapart.es\/#website","url":"https:\/\/llapart.es\/","name":"CENTRO REHABILITACI\u00d3N ORTOP\u00c9DICA LLAPART","description":"Centro Rehabilitaci\u00f3n Ortop\u00e9dica Llapart","potentialAction":[{"@type":"SearchAction","target":{"@type":"EntryPoint","urlTemplate":"https:\/\/llapart.es\/?s={search_term_string}"},"query-input":"required name=search_term_string"}],"inLanguage":"en-US"}]}},"_links":{"self":[{"href":"https:\/\/llapart.es\/en\/wp-json\/wp\/v2\/pages\/1948"}],"collection":[{"href":"https:\/\/llapart.es\/en\/wp-json\/wp\/v2\/pages"}],"about":[{"href":"https:\/\/llapart.es\/en\/wp-json\/wp\/v2\/types\/page"}],"author":[{"embeddable":true,"href":"https:\/\/llapart.es\/en\/wp-json\/wp\/v2\/users\/1"}],"replies":[{"embeddable":true,"href":"https:\/\/llapart.es\/en\/wp-json\/wp\/v2\/comments?post=1948"}],"version-history":[{"count":4,"href":"https:\/\/llapart.es\/en\/wp-json\/wp\/v2\/pages\/1948\/revisions"}],"predecessor-version":[{"id":2072,"href":"https:\/\/llapart.es\/en\/wp-json\/wp\/v2\/pages\/1948\/revisions\/2072"}],"wp:attachment":[{"href":"https:\/\/llapart.es\/en\/wp-json\/wp\/v2\/media?parent=1948"}],"curies":[{"name":"wp","href":"https:\/\/api.w.org\/{rel}","templated":true}]}}