{"id":2177,"date":"2026-04-13T18:48:26","date_gmt":"2026-04-13T16:48:26","guid":{"rendered":"https:\/\/llapart.es\/?page_id=2177"},"modified":"2026-04-13T18:49:24","modified_gmt":"2026-04-13T16:49:24","slug":"laserterapia","status":"publish","type":"page","link":"https:\/\/llapart.es\/en\/laserterapia\/","title":{"rendered":"Laserterapia"},"content":{"rendered":"\n<style type=\"text\/css\" data-created_by=\"avia_inline_auto\" id=\"style-css-av-av_section-eefa48f44e799827e01e51d1308c7235\">\n.avia-section.av-av_section-eefa48f44e799827e01e51d1308c7235{\nbackground-color:#4b78ab;\nbackground-image:unset;\n}\n<\/style>\n<div id='av_section_1'  class='avia-section av-av_section-eefa48f44e799827e01e51d1308c7235 main_color avia-section-default avia-no-border-styling  avia-builder-el-0  avia-builder-el-no-sibling  avia-bg-style-scroll container_wrap sidebar_right'  ><div class='container av-section-cont-open' ><main  role=\"main\" itemprop=\"mainContentOfPage\"  class='template-page content  av-content-small alpha units'><div class='post-entry post-entry-type-page post-entry-2177'><div class='entry-content-wrapper clearfix'>\n\n<style type=\"text\/css\" data-created_by=\"avia_inline_auto\" id=\"style-css-av-av_image-79be80ece99247a46244591c49ff953c\">\n.avia-image-container.av-av_image-79be80ece99247a46244591c49ff953c img.avia_image{\nbox-shadow:none;\n}\n.avia-image-container.av-av_image-79be80ece99247a46244591c49ff953c .av-image-caption-overlay-center{\ncolor:#ffffff;\n}\n<\/style>\n<div  class='avia-image-container av-av_image-79be80ece99247a46244591c49ff953c av-styling- avia-align-center  avia-builder-el-1  el_before_av_image  avia-builder-el-first '   itemprop=\"image\" itemscope=\"itemscope\" itemtype=\"https:\/\/schema.org\/ImageObject\" ><div class=\"avia-image-container-inner\"><div class=\"avia-image-overlay-wrap\"><img decoding=\"async\" class='wp-image-2165 avia-img-lazy-loading-not-2165 avia_image ' src=\"https:\/\/llapart.es\/wp-content\/uploads\/2026\/04\/IMG_5935.jpeg\" alt='' title='Screenshot'  height=\"1410\" width=\"1017\"  itemprop=\"thumbnailUrl\" srcset=\"https:\/\/llapart.es\/wp-content\/uploads\/2026\/04\/IMG_5935.jpeg 1017w, https:\/\/llapart.es\/wp-content\/uploads\/2026\/04\/IMG_5935-216x300.jpeg 216w, https:\/\/llapart.es\/wp-content\/uploads\/2026\/04\/IMG_5935-743x1030.jpeg 743w, https:\/\/llapart.es\/wp-content\/uploads\/2026\/04\/IMG_5935-768x1065.jpeg 768w, https:\/\/llapart.es\/wp-content\/uploads\/2026\/04\/IMG_5935-509x705.jpeg 509w\" sizes=\"(max-width: 1017px) 100vw, 1017px\" \/><\/div><\/div><\/div>\n\n<style type=\"text\/css\" data-created_by=\"avia_inline_auto\" id=\"style-css-av-av_image-b5d81b3dd10b1a72c6c9ed9bb975e62d\">\n.avia-image-container.av-av_image-b5d81b3dd10b1a72c6c9ed9bb975e62d img.avia_image{\nbox-shadow:none;\n}\n.avia-image-container.av-av_image-b5d81b3dd10b1a72c6c9ed9bb975e62d .av-image-caption-overlay-center{\ncolor:#ffffff;\n}\n<\/style>\n<div  class='avia-image-container av-av_image-b5d81b3dd10b1a72c6c9ed9bb975e62d av-styling- avia-align-center  avia-builder-el-2  el_after_av_image  el_before_av_image '   itemprop=\"image\" itemscope=\"itemscope\" itemtype=\"https:\/\/schema.org\/ImageObject\" ><div class=\"avia-image-container-inner\"><div class=\"avia-image-overlay-wrap\"><img decoding=\"async\" class='wp-image-2167 avia-img-lazy-loading-not-2167 avia_image ' src=\"https:\/\/llapart.es\/wp-content\/uploads\/2026\/04\/unnamed-1.jpg\" alt='' title='Screenshot'  height=\"1819\" width=\"1284\"  itemprop=\"thumbnailUrl\" srcset=\"https:\/\/llapart.es\/wp-content\/uploads\/2026\/04\/unnamed-1.jpg 1284w, https:\/\/llapart.es\/wp-content\/uploads\/2026\/04\/unnamed-1-212x300.jpg 212w, https:\/\/llapart.es\/wp-content\/uploads\/2026\/04\/unnamed-1-727x1030.jpg 727w, https:\/\/llapart.es\/wp-content\/uploads\/2026\/04\/unnamed-1-768x1088.jpg 768w, https:\/\/llapart.es\/wp-content\/uploads\/2026\/04\/unnamed-1-1084x1536.jpg 1084w, https:\/\/llapart.es\/wp-content\/uploads\/2026\/04\/unnamed-1-1059x1500.jpg 1059w, https:\/\/llapart.es\/wp-content\/uploads\/2026\/04\/unnamed-1-498x705.jpg 498w\" sizes=\"(max-width: 1284px) 100vw, 1284px\" \/><\/div><\/div><\/div>\n\n<style type=\"text\/css\" data-created_by=\"avia_inline_auto\" id=\"style-css-av-av_image-2161c6115e6e193b8c55327a6c499075\">\n.avia-image-container.av-av_image-2161c6115e6e193b8c55327a6c499075 img.avia_image{\nbox-shadow:none;\n}\n.avia-image-container.av-av_image-2161c6115e6e193b8c55327a6c499075 .av-image-caption-overlay-center{\ncolor:#ffffff;\n}\n<\/style>\n<div  class='avia-image-container av-av_image-2161c6115e6e193b8c55327a6c499075 av-styling- avia-align-center  avia-builder-el-3  el_after_av_image  avia-builder-el-last '   itemprop=\"image\" itemscope=\"itemscope\" itemtype=\"https:\/\/schema.org\/ImageObject\" ><div class=\"avia-image-container-inner\"><div class=\"avia-image-overlay-wrap\"><img decoding=\"async\" class='wp-image-2169 avia-img-lazy-loading-not-2169 avia_image ' src=\"https:\/\/llapart.es\/wp-content\/uploads\/2026\/04\/unnamed.jpg\" alt='' title='Screenshot'  height=\"1107\" width=\"1284\"  itemprop=\"thumbnailUrl\" srcset=\"https:\/\/llapart.es\/wp-content\/uploads\/2026\/04\/unnamed.jpg 1284w, https:\/\/llapart.es\/wp-content\/uploads\/2026\/04\/unnamed-300x259.jpg 300w, https:\/\/llapart.es\/wp-content\/uploads\/2026\/04\/unnamed-1030x888.jpg 1030w, https:\/\/llapart.es\/wp-content\/uploads\/2026\/04\/unnamed-768x662.jpg 768w, https:\/\/llapart.es\/wp-content\/uploads\/2026\/04\/unnamed-705x608.jpg 705w\" sizes=\"(max-width: 1284px) 100vw, 1284px\" \/><\/div><\/div><\/div>\n<\/div><\/div><\/main><!-- close content main element --><\/div><\/div><div id='after_section_1'  class='main_color av_default_container_wrap container_wrap sidebar_right'  ><div class='container av-section-cont-open' ><div class='template-page content  av-content-small alpha units'><div class='post-entry post-entry-type-page post-entry-2177'><div class='entry-content-wrapper clearfix'>\n","protected":false},"excerpt":{"rendered":"","protected":false},"author":1,"featured_media":0,"parent":0,"menu_order":0,"comment_status":"closed","ping_status":"closed","template":"","meta":[],"yoast_head":"<!-- This site is optimized with the Yoast SEO plugin v20.9 - https:\/\/yoast.com\/wordpress\/plugins\/seo\/ -->\n<title>Laserterapia - CENTRO REHABILITACI\u00d3N ORTOP\u00c9DICA LLAPART<\/title>\n<meta name=\"robots\" content=\"index, follow, max-snippet:-1, max-image-preview:large, max-video-preview:-1\" \/>\n<link rel=\"canonical\" href=\"https:\/\/llapart.es\/en\/laserterapia\/\" \/>\n<script type=\"application\/ld+json\" class=\"yoast-schema-graph\">{\"@context\":\"https:\/\/schema.org\",\"@graph\":[{\"@type\":\"WebPage\",\"@id\":\"https:\/\/llapart.es\/en\/laserterapia\/\",\"url\":\"https:\/\/llapart.es\/en\/laserterapia\/\",\"name\":\"Laserterapia - CENTRO REHABILITACI\u00d3N ORTOP\u00c9DICA LLAPART\",\"isPartOf\":{\"@id\":\"https:\/\/llapart.es\/#website\"},\"datePublished\":\"2026-04-13T16:48:26+00:00\",\"dateModified\":\"2026-04-13T16:49:24+00:00\",\"breadcrumb\":{\"@id\":\"https:\/\/llapart.es\/en\/laserterapia\/#breadcrumb\"},\"inLanguage\":\"en-US\",\"potentialAction\":[{\"@type\":\"ReadAction\",\"target\":[\"https:\/\/llapart.es\/en\/laserterapia\/\"]}]},{\"@type\":\"BreadcrumbList\",\"@id\":\"https:\/\/llapart.es\/en\/laserterapia\/#breadcrumb\",\"itemListElement\":[{\"@type\":\"ListItem\",\"position\":1,\"name\":\"Portada\",\"item\":\"https:\/\/llapart.es\/en\/home\/\"},{\"@type\":\"ListItem\",\"position\":2,\"name\":\"Laserterapia\"}]},{\"@type\":\"WebSite\",\"@id\":\"https:\/\/llapart.es\/#website\",\"url\":\"https:\/\/llapart.es\/\",\"name\":\"CENTRO REHABILITACI\u00d3N ORTOP\u00c9DICA LLAPART\",\"description\":\"Centro Rehabilitaci\u00f3n Ortop\u00e9dica Llapart\",\"potentialAction\":[{\"@type\":\"SearchAction\",\"target\":{\"@type\":\"EntryPoint\",\"urlTemplate\":\"https:\/\/llapart.es\/?s={search_term_string}\"},\"query-input\":\"required name=search_term_string\"}],\"inLanguage\":\"en-US\"}]}<\/script>\n<!-- \/ Yoast SEO plugin. -->","yoast_head_json":{"title":"Laserterapia - CENTRO REHABILITACI\u00d3N ORTOP\u00c9DICA LLAPART","robots":{"index":"index","follow":"follow","max-snippet":"max-snippet:-1","max-image-preview":"max-image-preview:large","max-video-preview":"max-video-preview:-1"},"canonical":"https:\/\/llapart.es\/en\/laserterapia\/","schema":{"@context":"https:\/\/schema.org","@graph":[{"@type":"WebPage","@id":"https:\/\/llapart.es\/en\/laserterapia\/","url":"https:\/\/llapart.es\/en\/laserterapia\/","name":"Laserterapia - CENTRO REHABILITACI\u00d3N ORTOP\u00c9DICA LLAPART","isPartOf":{"@id":"https:\/\/llapart.es\/#website"},"datePublished":"2026-04-13T16:48:26+00:00","dateModified":"2026-04-13T16:49:24+00:00","breadcrumb":{"@id":"https:\/\/llapart.es\/en\/laserterapia\/#breadcrumb"},"inLanguage":"en-US","potentialAction":[{"@type":"ReadAction","target":["https:\/\/llapart.es\/en\/laserterapia\/"]}]},{"@type":"BreadcrumbList","@id":"https:\/\/llapart.es\/en\/laserterapia\/#breadcrumb","itemListElement":[{"@type":"ListItem","position":1,"name":"Portada","item":"https:\/\/llapart.es\/en\/home\/"},{"@type":"ListItem","position":2,"name":"Laserterapia"}]},{"@type":"WebSite","@id":"https:\/\/llapart.es\/#website","url":"https:\/\/llapart.es\/","name":"CENTRO REHABILITACI\u00d3N ORTOP\u00c9DICA LLAPART","description":"Centro Rehabilitaci\u00f3n Ortop\u00e9dica Llapart","potentialAction":[{"@type":"SearchAction","target":{"@type":"EntryPoint","urlTemplate":"https:\/\/llapart.es\/?s={search_term_string}"},"query-input":"required name=search_term_string"}],"inLanguage":"en-US"}]}},"_links":{"self":[{"href":"https:\/\/llapart.es\/en\/wp-json\/wp\/v2\/pages\/2177"}],"collection":[{"href":"https:\/\/llapart.es\/en\/wp-json\/wp\/v2\/pages"}],"about":[{"href":"https:\/\/llapart.es\/en\/wp-json\/wp\/v2\/types\/page"}],"author":[{"embeddable":true,"href":"https:\/\/llapart.es\/en\/wp-json\/wp\/v2\/users\/1"}],"replies":[{"embeddable":true,"href":"https:\/\/llapart.es\/en\/wp-json\/wp\/v2\/comments?post=2177"}],"version-history":[{"count":3,"href":"https:\/\/llapart.es\/en\/wp-json\/wp\/v2\/pages\/2177\/revisions"}],"predecessor-version":[{"id":2180,"href":"https:\/\/llapart.es\/en\/wp-json\/wp\/v2\/pages\/2177\/revisions\/2180"}],"wp:attachment":[{"href":"https:\/\/llapart.es\/en\/wp-json\/wp\/v2\/media?parent=2177"}],"curies":[{"name":"wp","href":"https:\/\/api.w.org\/{rel}","templated":true}]}}